{"id":96,"date":"2025-07-22T18:38:47","date_gmt":"2025-07-22T16:38:47","guid":{"rendered":"https:\/\/backbonelaw.com\/?page_id=96"},"modified":"2025-09-10T22:02:09","modified_gmt":"2025-09-10T20:02:09","slug":"about-us","status":"publish","type":"page","link":"https:\/\/backbonelaw.com\/en\/about-us\/","title":{"rendered":"ABOUT US"},"content":{"rendered":"<div data-elementor-type=\"wp-page\" data-elementor-id=\"96\" class=\"elementor elementor-96\" data-elementor-post-type=\"page\">\n\t\t\t\t<div class=\"elementor-element elementor-element-102a33e e-con-full e-flex wpr-particle-no wpr-jarallax-no wpr-parallax-no wpr-sticky-section-no e-con e-parent\" data-id=\"102a33e\" data-element_type=\"container\" data-settings=\"{&quot;background_background&quot;:&quot;classic&quot;}\">\n\t\t\t\t<div class=\"elementor-element elementor-element-1b0f71f elementor-widget elementor-widget-heading\" data-id=\"1b0f71f\" data-element_type=\"widget\" data-widget_type=\"heading.default\">\n\t\t\t\t\t<h2 class=\"elementor-heading-title elementor-size-default\">ABOUT US<\/h2>\t\t\t\t<\/div>\n\t\t\t\t<\/div>\n\t\t<div class=\"elementor-element elementor-element-d9a9b0a e-flex e-con-boxed wpr-particle-no wpr-jarallax-no wpr-parallax-no wpr-sticky-section-no e-con e-parent\" data-id=\"d9a9b0a\" data-element_type=\"container\">\n\t\t\t\t\t<div class=\"e-con-inner\">\n\t\t<div class=\"elementor-element elementor-element-ad932dc e-con-full e-flex wpr-particle-no wpr-jarallax-no wpr-parallax-no wpr-sticky-section-no e-con e-child\" data-id=\"ad932dc\" data-element_type=\"container\">\n\t\t\t\t<div class=\"elementor-element elementor-element-29a9f3d elementor-widget-mobile__width-initial elementor-widget elementor-widget-text-editor\" data-id=\"29a9f3d\" data-element_type=\"widget\" data-widget_type=\"text-editor.default\">\n\t\t\t\t\t\t\t\t\t<p>Backbone Law is a law firm with offices in Bogot\u00e1 and Miami, specializing in capital protection and estate planning. Its name reflects its essence: to be the backbone that supports and strengthens clients\u2019 wealth, providing solidity, structure, and security in every legal decision. With a strategic approach and a global vision, Backbone Law offers legal solutions designed to preserve and enhance the financial legacy of its clients across generations.<\/p>\t\t\t\t\t\t\t\t<\/div>\n\t\t\t\t<\/div>\n\t\t\t\t\t<\/div>\n\t\t\t\t<\/div>\n\t\t<div class=\"elementor-element elementor-element-be78fdd e-flex e-con-boxed wpr-particle-no wpr-jarallax-no wpr-parallax-no wpr-sticky-section-no e-con e-parent\" data-id=\"be78fdd\" data-element_type=\"container\">\n\t\t\t\t\t<div class=\"e-con-inner\">\n\t\t<div class=\"elementor-element elementor-element-26fc2f4 e-con-full e-flex wpr-particle-no wpr-jarallax-no wpr-parallax-no wpr-sticky-section-no e-con e-child\" data-id=\"26fc2f4\" data-element_type=\"container\">\n\t\t<div class=\"elementor-element elementor-element-d66d0c2 e-con-full e-flex wpr-particle-no wpr-jarallax-no wpr-parallax-no wpr-sticky-section-no e-con e-child\" data-id=\"d66d0c2\" data-element_type=\"container\">\n\t\t\t\t<div class=\"elementor-element elementor-element-44ef7fb elementor-widget elementor-widget-image\" data-id=\"44ef7fb\" data-element_type=\"widget\" data-widget_type=\"image.default\">\n\t\t\t\t\t\t\t\t\t\t\t\t\t\t\t<img fetchpriority=\"high\" decoding=\"async\" width=\"800\" height=\"534\" src=\"https:\/\/backbonelaw.com\/wp-content\/uploads\/2025\/07\/mt-sample-background-1024x683.jpg\" class=\"attachment-large size-large wp-image-13\" alt=\"\" srcset=\"https:\/\/backbonelaw.com\/wp-content\/uploads\/2025\/07\/mt-sample-background-1024x683.jpg 1024w, https:\/\/backbonelaw.com\/wp-content\/uploads\/2025\/07\/mt-sample-background-300x200.jpg 300w, https:\/\/backbonelaw.com\/wp-content\/uploads\/2025\/07\/mt-sample-background-768x512.jpg 768w, https:\/\/backbonelaw.com\/wp-content\/uploads\/2025\/07\/mt-sample-background-1536x1024.jpg 1536w, https:\/\/backbonelaw.com\/wp-content\/uploads\/2025\/07\/mt-sample-background.jpg 1920w\" sizes=\"(max-width: 800px) 100vw, 800px\" \/>\t\t\t\t\t\t\t\t\t\t\t\t\t\t\t<\/div>\n\t\t\t\t<\/div>\n\t\t\t\t<\/div>\n\t\t<div class=\"elementor-element elementor-element-7a5500d e-con-full e-flex wpr-particle-no wpr-jarallax-no wpr-parallax-no wpr-sticky-section-no e-con e-child\" data-id=\"7a5500d\" data-element_type=\"container\">\n\t\t<div class=\"elementor-element elementor-element-51e42c8 e-con-full e-flex wpr-particle-no wpr-jarallax-no wpr-parallax-no wpr-sticky-section-no e-con e-child\" data-id=\"51e42c8\" data-element_type=\"container\">\n\t\t\t\t<div class=\"elementor-element elementor-element-9a06e9a elementor-widget elementor-widget-heading\" data-id=\"9a06e9a\" data-element_type=\"widget\" data-widget_type=\"heading.default\">\n\t\t\t\t\t<h2 class=\"elementor-heading-title elementor-size-default\">WE BUILD STRONG RELATIONSHIPS<\/h2>\t\t\t\t<\/div>\n\t\t\t\t<div class=\"elementor-element elementor-element-bca385b elementor-widget-mobile__width-initial elementor-widget elementor-widget-text-editor\" data-id=\"bca385b\" data-element_type=\"widget\" data-widget_type=\"text-editor.default\">\n\t\t\t\t\t\t\t\t\t<p>We build strong relationships founded on absolute confidentiality and mutual trust\u2014fundamental pillars of our legal practice. Our close and personalized approach allows us to deeply understand the specific needs of each client, ensuring exceptional service at every stage of the process.<\/p>\t\t\t\t\t\t\t\t<\/div>\n\t\t\t\t<div class=\"elementor-element elementor-element-dadbbd0 elementor-widget elementor-widget-heading\" data-id=\"dadbbd0\" data-element_type=\"widget\" data-widget_type=\"heading.default\">\n\t\t\t\t\t<h2 class=\"elementor-heading-title elementor-size-default\">WE EXECUTE CROSS-BORDER SOLUTIONS<\/h2>\t\t\t\t<\/div>\n\t\t\t\t<div class=\"elementor-element elementor-element-787f762 elementor-widget-mobile__width-initial elementor-widget elementor-widget-text-editor\" data-id=\"787f762\" data-element_type=\"widget\" data-widget_type=\"text-editor.default\">\n\t\t\t\t\t\t\t\t\t<p>With headquarters in Bogot\u00e1, Colombia, and strategic presence in South America, Central America, and North America, we develop sophisticated operations in key jurisdictions worldwide. Our global platform ensures the comprehensive preservation of wealth and the sustainable growth of our high-net-worth clients.<\/p>\t\t\t\t\t\t\t\t<\/div>\n\t\t\t\t<\/div>\n\t\t\t\t<\/div>\n\t\t\t\t\t<\/div>\n\t\t\t\t<\/div>\n\t\t<div class=\"elementor-element elementor-element-9b50982 e-flex e-con-boxed wpr-particle-no wpr-jarallax-no wpr-parallax-no wpr-sticky-section-no e-con e-parent\" data-id=\"9b50982\" data-element_type=\"container\">\n\t\t\t\t\t<div class=\"e-con-inner\">\n\t\t\t\t<div class=\"elementor-element elementor-element-745a5cd elementor-widget elementor-widget-spacer\" data-id=\"745a5cd\" data-element_type=\"widget\" data-widget_type=\"spacer.default\">\n\t\t\t\t\t\t\t<div class=\"elementor-spacer\">\n\t\t\t<div class=\"elementor-spacer-inner\"><\/div>\n\t\t<\/div>\n\t\t\t\t\t\t<\/div>\n\t\t\t\t\t<\/div>\n\t\t\t\t<\/div>\n\t\t<div class=\"elementor-element elementor-element-7a728c7 e-flex e-con-boxed wpr-particle-no wpr-jarallax-no wpr-parallax-no wpr-sticky-section-no e-con e-parent\" data-id=\"7a728c7\" data-element_type=\"container\" data-settings=\"{&quot;background_background&quot;:&quot;classic&quot;}\">\n\t\t\t\t\t<div class=\"e-con-inner\">\n\t\t<div class=\"elementor-element elementor-element-7b0921e e-con-full e-flex wpr-particle-no wpr-jarallax-no wpr-parallax-no wpr-sticky-section-no e-con e-child\" data-id=\"7b0921e\" data-element_type=\"container\">\n\t\t\t\t<div class=\"elementor-element elementor-element-83e8cd9 elementor-hidden-desktop elementor-hidden-tablet elementor-widget elementor-widget-spacer\" data-id=\"83e8cd9\" data-element_type=\"widget\" data-widget_type=\"spacer.default\">\n\t\t\t\t\t\t\t<div class=\"elementor-spacer\">\n\t\t\t<div class=\"elementor-spacer-inner\"><\/div>\n\t\t<\/div>\n\t\t\t\t\t\t<\/div>\n\t\t\t\t<div class=\"elementor-element elementor-element-8a561b9 elementor-view-default elementor-widget elementor-widget-icon\" data-id=\"8a561b9\" data-element_type=\"widget\" data-widget_type=\"icon.default\">\n\t\t\t\t\t\t\t<div class=\"elementor-icon-wrapper\">\n\t\t\t<div class=\"elementor-icon\">\n\t\t\t<svg aria-hidden=\"true\" class=\"e-font-icon-svg e-far-lightbulb\" viewbox=\"0 0 352 512\" xmlns=\"http:\/\/www.w3.org\/2000\/svg\"><path d=\"M176 80c-52.94 0-96 43.06-96 96 0 8.84 7.16 16 16 16s16-7.16 16-16c0-35.3 28.72-64 64-64 8.84 0 16-7.16 16-16s-7.16-16-16-16zM96.06 459.17c0 3.15.93 6.22 2.68 8.84l24.51 36.84c2.97 4.46 7.97 7.14 13.32 7.14h78.85c5.36 0 10.36-2.68 13.32-7.14l24.51-36.84c1.74-2.62 2.67-5.7 2.68-8.84l.05-43.18H96.02l.04 43.18zM176 0C73.72 0 0 82.97 0 176c0 44.37 16.45 84.85 43.56 115.78 16.64 18.99 42.74 58.8 52.42 92.16v.06h48v-.12c-.01-4.77-.72-9.51-2.15-14.07-5.59-17.81-22.82-64.77-62.17-109.67-20.54-23.43-31.52-53.15-31.61-84.14-.2-73.64 59.67-128 127.95-128 70.58 0 128 57.42 128 128 0 30.97-11.24 60.85-31.65 84.14-39.11 44.61-56.42 91.47-62.1 109.46a47.507 47.507 0 0 0-2.22 14.3v.1h48v-.05c9.68-33.37 35.78-73.18 52.42-92.16C335.55 260.85 352 220.37 352 176 352 78.8 273.2 0 176 0z\"><\/path><\/svg>\t\t\t<\/div>\n\t\t<\/div>\n\t\t\t\t\t\t<\/div>\n\t\t\t\t<div class=\"elementor-element elementor-element-42ee313 elementor-widget elementor-widget-heading\" data-id=\"42ee313\" data-element_type=\"widget\" data-widget_type=\"heading.default\">\n\t\t\t\t\t<h2 class=\"elementor-heading-title elementor-size-default\">MISI\u00d3N<\/h2>\t\t\t\t<\/div>\n\t\t\t\t<div class=\"elementor-element elementor-element-e0ed192 elementor-widget-mobile__width-initial elementor-widget elementor-widget-text-editor\" data-id=\"e0ed192\" data-element_type=\"widget\" data-widget_type=\"text-editor.default\">\n\t\t\t\t\t\t\t\t\t<p>Lorem ipsum dolor sit amet, consectetur adipiscing elit. Ut elit tellus, luctus nec ullamcorper mattis, pulvinar dapibus leo.<\/p>\t\t\t\t\t\t\t\t<\/div>\n\t\t\t\t<div class=\"elementor-element elementor-element-504b78f elementor-hidden-desktop elementor-hidden-tablet elementor-widget elementor-widget-spacer\" data-id=\"504b78f\" data-element_type=\"widget\" data-widget_type=\"spacer.default\">\n\t\t\t\t\t\t\t<div class=\"elementor-spacer\">\n\t\t\t<div class=\"elementor-spacer-inner\"><\/div>\n\t\t<\/div>\n\t\t\t\t\t\t<\/div>\n\t\t\t\t<\/div>\n\t\t<div class=\"elementor-element elementor-element-285623d e-con-full e-flex wpr-particle-no wpr-jarallax-no wpr-parallax-no wpr-sticky-section-no e-con e-child\" data-id=\"285623d\" data-element_type=\"container\">\n\t\t\t\t<div class=\"elementor-element elementor-element-5c85989 elementor-view-default elementor-widget elementor-widget-icon\" data-id=\"5c85989\" data-element_type=\"widget\" data-widget_type=\"icon.default\">\n\t\t\t\t\t\t\t<div class=\"elementor-icon-wrapper\">\n\t\t\t<div class=\"elementor-icon\">\n\t\t\t<svg aria-hidden=\"true\" class=\"e-font-icon-svg e-far-eye\" viewbox=\"0 0 576 512\" xmlns=\"http:\/\/www.w3.org\/2000\/svg\"><path d=\"M288 144a110.94 110.94 0 0 0-31.24 5 55.4 55.4 0 0 1 7.24 27 56 56 0 0 1-56 56 55.4 55.4 0 0 1-27-7.24A111.71 111.71 0 1 0 288 144zm284.52 97.4C518.29 135.59 410.93 64 288 64S57.68 135.64 3.48 241.41a32.35 32.35 0 0 0 0 29.19C57.71 376.41 165.07 448 288 448s230.32-71.64 284.52-177.41a32.35 32.35 0 0 0 0-29.19zM288 400c-98.65 0-189.09-55-237.93-144C98.91 167 189.34 112 288 112s189.09 55 237.93 144C477.1 345 386.66 400 288 400z\"><\/path><\/svg>\t\t\t<\/div>\n\t\t<\/div>\n\t\t\t\t\t\t<\/div>\n\t\t\t\t<div class=\"elementor-element elementor-element-a09d93a elementor-widget elementor-widget-heading\" data-id=\"a09d93a\" data-element_type=\"widget\" data-widget_type=\"heading.default\">\n\t\t\t\t\t<h2 class=\"elementor-heading-title elementor-size-default\">VISI\u00d3N<\/h2>\t\t\t\t<\/div>\n\t\t\t\t<div class=\"elementor-element elementor-element-876e2af elementor-widget-mobile__width-initial elementor-widget elementor-widget-text-editor\" data-id=\"876e2af\" data-element_type=\"widget\" data-widget_type=\"text-editor.default\">\n\t\t\t\t\t\t\t\t\t<p>Lorem ipsum dolor sit amet, consectetur adipiscing elit. Ut elit tellus, luctus nec ullamcorper mattis, pulvinar dapibus leo.<\/p>\t\t\t\t\t\t\t\t<\/div>\n\t\t\t\t<div class=\"elementor-element elementor-element-469b3ae elementor-hidden-desktop elementor-hidden-tablet elementor-widget elementor-widget-spacer\" data-id=\"469b3ae\" data-element_type=\"widget\" data-widget_type=\"spacer.default\">\n\t\t\t\t\t\t\t<div class=\"elementor-spacer\">\n\t\t\t<div class=\"elementor-spacer-inner\"><\/div>\n\t\t<\/div>\n\t\t\t\t\t\t<\/div>\n\t\t\t\t<\/div>\n\t\t\t\t\t<\/div>\n\t\t\t\t<\/div>\n\t\t\t\t<\/div>","protected":false},"excerpt":{"rendered":"<p>ABOUT US Backbone Law es una firma de abogados con presencia en Bogot\u00e1 y Miami, especializada en la protecci\u00f3n de capital y la planificaci\u00f3n sucesoral. Su nombre refleja su esencia: ser la columna vertebral que sostiene y fortalece el patrimonio de sus clientes, brindando solidez, estructura y seguridad en cada decisi\u00f3n legal. Con un enfoque estrat\u00e9gico y visi\u00f3n global, Backbone Law ofrece soluciones jur\u00eddicas dise\u00f1adas para preservar y potenciar el legado nanciero de sus clientes a trav\u00e9s de generaciones. CONSTRUIMOS RELACIONES S\u00d3LIDAS Construimos relaciones s\u00f3lidas basadas en la confidencialidad absoluta y la confianza mutua, pilares fundamentales de nuestra pr\u00e1ctica legal. Nuestro enfoque cercano y personalizado nos permite comprender profundamente las necesidades espec\u00edficas de cada cliente, garantizando un servicio excepcional en cada etapa del proceso. EJECUTAMOS SOLUCIONES TRANSFRONTERIZAS Con sede central en Bogot\u00e1, Colombia, y presencia estrat\u00e9gica en Sudam\u00e9rica, Centroam\u00e9rica y Norteam\u00e9rica, desarrollamos operaciones sofisticadas en jurisdicciones clave a nivel mundial. Nuestra plataforma global garantiza la preservaci\u00f3n integral del patrimonio y el crecimiento sostenible de nuestros clientes de alto valor MISI\u00d3N Lorem ipsum dolor sit amet, consectetur adipiscing elit. Ut elit tellus, luctus nec ullamcorper mattis, pulvinar dapibus leo. VISI\u00d3N Lorem ipsum dolor sit amet, consectetur adipiscing elit. Ut elit tellus, luctus nec ullamcorper mattis, pulvinar dapibus leo.<\/p>","protected":false},"author":2,"featured_media":0,"parent":0,"menu_order":0,"comment_status":"closed","ping_status":"closed","template":"","meta":{"footnotes":""},"class_list":["post-96","page","type-page","status-publish","hentry"],"rttpg_featured_image_url":null,"rttpg_author":{"display_name":"adminlaw","author_link":"https:\/\/backbonelaw.com\/en\/author\/adminlaw\/"},"rttpg_comment":0,"rttpg_category":null,"rttpg_excerpt":"ABOUT US Backbone Law es una firma de abogados con presencia en Bogot\u00e1 y Miami, especializada en la protecci\u00f3n de capital y la planificaci\u00f3n sucesoral. Su nombre refleja su esencia: ser la columna vertebral que sostiene y fortalece el patrimonio de sus clientes, brindando solidez, estructura y seguridad en cada decisi\u00f3n legal. Con un enfoque&hellip;","_links":{"self":[{"href":"https:\/\/backbonelaw.com\/en\/wp-json\/wp\/v2\/pages\/96","targetHints":{"allow":["GET"]}}],"collection":[{"href":"https:\/\/backbonelaw.com\/en\/wp-json\/wp\/v2\/pages"}],"about":[{"href":"https:\/\/backbonelaw.com\/en\/wp-json\/wp\/v2\/types\/page"}],"author":[{"embeddable":true,"href":"https:\/\/backbonelaw.com\/en\/wp-json\/wp\/v2\/users\/2"}],"replies":[{"embeddable":true,"href":"https:\/\/backbonelaw.com\/en\/wp-json\/wp\/v2\/comments?post=96"}],"version-history":[{"count":76,"href":"https:\/\/backbonelaw.com\/en\/wp-json\/wp\/v2\/pages\/96\/revisions"}],"predecessor-version":[{"id":1361,"href":"https:\/\/backbonelaw.com\/en\/wp-json\/wp\/v2\/pages\/96\/revisions\/1361"}],"wp:attachment":[{"href":"https:\/\/backbonelaw.com\/en\/wp-json\/wp\/v2\/media?parent=96"}],"curies":[{"name":"wp","href":"https:\/\/api.w.org\/{rel}","templated":true}]}}