{"id":936,"date":"2025-08-15T22:52:04","date_gmt":"2025-08-15T20:52:04","guid":{"rendered":"https:\/\/backbonelaw.com\/?page_id=936"},"modified":"2025-09-11T01:20:13","modified_gmt":"2025-09-10T23:20:13","slug":"blog","status":"publish","type":"page","link":"https:\/\/backbonelaw.com\/en\/blog\/","title":{"rendered":"BLOG"},"content":{"rendered":"<div data-elementor-type=\"wp-page\" data-elementor-id=\"936\" class=\"elementor elementor-936\" data-elementor-post-type=\"page\">\n\t\t\t\t<div class=\"elementor-element elementor-element-9fa9632 e-con-full e-flex wpr-particle-no wpr-jarallax-no wpr-parallax-no wpr-sticky-section-no e-con e-parent\" data-id=\"9fa9632\" data-element_type=\"container\">\n\t\t\t\t<div class=\"elementor-element elementor-element-71df0bb elementor-hidden-mobile elementor-widget elementor-widget-ekit-nav-menu\" data-id=\"71df0bb\" data-element_type=\"widget\" data-widget_type=\"ekit-nav-menu.default\">\n\t\t\t\t<div class=\"elementor-widget-container\">\n\t\t\t\t\t\t\t<nav class=\"ekit-wid-con ekit_menu_responsive_tablet\" \n\t\t\tdata-hamburger-icon=\"\" \n\t\t\tdata-hamburger-icon-type=\"icon\" \n\t\t\tdata-responsive-breakpoint=\"1024\">\n\t\t\t            <button class=\"elementskit-menu-hamburger elementskit-menu-toggler\"  type=\"button\" aria-label=\"hamburger-icon\">\n                                    <span class=\"elementskit-menu-hamburger-icon\"><\/span><span class=\"elementskit-menu-hamburger-icon\"><\/span><span class=\"elementskit-menu-hamburger-icon\"><\/span>\n                            <\/button>\n            <div id=\"ekit-megamenu-blog\" class=\"elementskit-menu-container elementskit-menu-offcanvas-elements elementskit-navbar-nav-default ekit-nav-menu-one-page-no ekit-nav-dropdown-hover\"><ul id=\"menu-blog\" class=\"elementskit-navbar-nav elementskit-menu-po-left submenu-click-on-\"><li id=\"menu-item-1269\" class=\"menu-item menu-item-type-taxonomy menu-item-object-category menu-item-1269 nav-item elementskit-mobile-builder-content\" data-vertical-menu=\"750px\"><a href=\"https:\/\/backbonelaw.com\/en\/category\/todos\/\" class=\"ekit-menu-nav-link\">ALL<\/a><\/li>\n<li id=\"menu-item-1084\" class=\"menu-item menu-item-type-taxonomy menu-item-object-category menu-item-1084 nav-item elementskit-mobile-builder-content\" data-vertical-menu=\"750px\"><a href=\"https:\/\/backbonelaw.com\/en\/category\/planeacion-patrimonial\/\" class=\"ekit-menu-nav-link\">ASSET PLANNING<\/a><\/li>\n<li id=\"menu-item-1085\" class=\"menu-item menu-item-type-taxonomy menu-item-object-category menu-item-1085 nav-item elementskit-mobile-builder-content\" data-vertical-menu=\"750px\"><a href=\"https:\/\/backbonelaw.com\/en\/category\/planeacion-sucesoral\/\" class=\"ekit-menu-nav-link\">ESTATE PLANNING<\/a><\/li>\n<li id=\"menu-item-1086\" class=\"menu-item menu-item-type-taxonomy menu-item-object-category menu-item-1086 nav-item elementskit-mobile-builder-content\" data-vertical-menu=\"750px\"><a href=\"https:\/\/backbonelaw.com\/en\/category\/reorganizacion-empresarial\/\" class=\"ekit-menu-nav-link\">BUSINESS REORGANIZATION<\/a><\/li>\n<\/ul><div class=\"elementskit-nav-identity-panel\"><button class=\"elementskit-menu-close elementskit-menu-toggler\" type=\"button\">X<\/button><\/div><\/div>\t\t\t\n\t\t\t<div class=\"elementskit-menu-overlay elementskit-menu-offcanvas-elements elementskit-menu-toggler ekit-nav-menu--overlay\"><\/div>        <\/nav>\n\t\t\t\t\t\t<\/div>\n\t\t\t\t<\/div>\n\t\t\t\t<\/div>\n\t\t<div class=\"elementor-element elementor-element-9a2537a e-flex e-con-boxed wpr-particle-no wpr-jarallax-no wpr-parallax-no wpr-sticky-section-no e-con e-parent\" data-id=\"9a2537a\" data-element_type=\"container\">\n\t\t\t\t\t<div class=\"e-con-inner\">\n\t\t\t\t<div class=\"elementor-element elementor-element-f2cdd95 elementor-nav-menu--dropdown-mobile elementor-hidden-desktop elementor-hidden-tablet elementor-nav-menu__text-align-aside elementor-widget elementor-widget-nav-menu\" data-id=\"f2cdd95\" data-element_type=\"widget\" data-settings=\"{&quot;layout&quot;:&quot;horizontal&quot;,&quot;submenu_icon&quot;:{&quot;value&quot;:&quot;&lt;svg class=\\&quot;e-font-icon-svg e-fas-caret-down\\&quot; viewBox=\\&quot;0 0 320 512\\&quot; xmlns=\\&quot;http:\\\/\\\/www.w3.org\\\/2000\\\/svg\\&quot;&gt;&lt;path d=\\&quot;M31.3 192h257.3c17.8 0 26.7 21.5 14.1 34.1L174.1 354.8c-7.8 7.8-20.5 7.8-28.3 0L17.2 226.1C4.6 213.5 13.5 192 31.3 192z\\&quot;&gt;&lt;\\\/path&gt;&lt;\\\/svg&gt;&quot;,&quot;library&quot;:&quot;fa-solid&quot;}}\" data-widget_type=\"nav-menu.default\">\n\t\t\t\t\t\t\t\t<nav aria-label=\"Menu\" class=\"elementor-nav-menu--main elementor-nav-menu__container elementor-nav-menu--layout-horizontal e--pointer-underline e--animation-fade\">\n\t\t\t\t<ul id=\"menu-1-f2cdd95\" class=\"elementor-nav-menu\"><li class=\"menu-item menu-item-type-taxonomy menu-item-object-category menu-item-1269\"><a href=\"https:\/\/backbonelaw.com\/en\/category\/todos\/\" class=\"elementor-item\">ALL<\/a><\/li>\n<li class=\"menu-item menu-item-type-taxonomy menu-item-object-category menu-item-1084\"><a href=\"https:\/\/backbonelaw.com\/en\/category\/planeacion-patrimonial\/\" class=\"elementor-item\">ASSET PLANNING<\/a><\/li>\n<li class=\"menu-item menu-item-type-taxonomy menu-item-object-category menu-item-1085\"><a href=\"https:\/\/backbonelaw.com\/en\/category\/planeacion-sucesoral\/\" class=\"elementor-item\">ESTATE PLANNING<\/a><\/li>\n<li class=\"menu-item menu-item-type-taxonomy menu-item-object-category menu-item-1086\"><a href=\"https:\/\/backbonelaw.com\/en\/category\/reorganizacion-empresarial\/\" class=\"elementor-item\">BUSINESS REORGANIZATION<\/a><\/li>\n<\/ul>\t\t\t<\/nav>\n\t\t\t\t\t\t<nav class=\"elementor-nav-menu--dropdown elementor-nav-menu__container\" aria-hidden=\"true\">\n\t\t\t\t<ul id=\"menu-2-f2cdd95\" class=\"elementor-nav-menu\"><li class=\"menu-item menu-item-type-taxonomy menu-item-object-category menu-item-1269\"><a href=\"https:\/\/backbonelaw.com\/en\/category\/todos\/\" class=\"elementor-item\" tabindex=\"-1\">ALL<\/a><\/li>\n<li class=\"menu-item menu-item-type-taxonomy menu-item-object-category menu-item-1084\"><a href=\"https:\/\/backbonelaw.com\/en\/category\/planeacion-patrimonial\/\" class=\"elementor-item\" tabindex=\"-1\">ASSET PLANNING<\/a><\/li>\n<li class=\"menu-item menu-item-type-taxonomy menu-item-object-category menu-item-1085\"><a href=\"https:\/\/backbonelaw.com\/en\/category\/planeacion-sucesoral\/\" class=\"elementor-item\" tabindex=\"-1\">ESTATE PLANNING<\/a><\/li>\n<li class=\"menu-item menu-item-type-taxonomy menu-item-object-category menu-item-1086\"><a href=\"https:\/\/backbonelaw.com\/en\/category\/reorganizacion-empresarial\/\" class=\"elementor-item\" tabindex=\"-1\">BUSINESS REORGANIZATION<\/a><\/li>\n<\/ul>\t\t\t<\/nav>\n\t\t\t\t\t\t<\/div>\n\t\t\t\t<div class=\"elementor-element elementor-element-bd6c7ac elementor-widget-divider--view-line elementor-widget elementor-widget-divider\" data-id=\"bd6c7ac\" data-element_type=\"widget\" data-widget_type=\"divider.default\">\n\t\t\t\t\t\t\t<div class=\"elementor-divider\">\n\t\t\t<span class=\"elementor-divider-separator\">\n\t\t\t\t\t\t<\/span>\n\t\t<\/div>\n\t\t\t\t\t\t<\/div>\n\t\t\t\t\t<\/div>\n\t\t\t\t<\/div>\n\t\t<div class=\"elementor-element elementor-element-a6f720b e-flex e-con-boxed wpr-particle-no wpr-jarallax-no wpr-parallax-no wpr-sticky-section-no e-con e-parent\" data-id=\"a6f720b\" data-element_type=\"container\">\n\t\t\t\t\t<div class=\"e-con-inner\">\n\t\t\t\t<div class=\"elementor-element elementor-element-947f193 elementor-grid-3 elementor-grid-tablet-2 elementor-grid-mobile-1 elementor-posts--thumbnail-top elementor-card-shadow-yes elementor-posts__hover-gradient elementor-widget elementor-widget-posts\" data-id=\"947f193\" data-element_type=\"widget\" data-settings=\"{&quot;cards_columns&quot;:&quot;3&quot;,&quot;cards_columns_tablet&quot;:&quot;2&quot;,&quot;cards_columns_mobile&quot;:&quot;1&quot;,&quot;cards_row_gap&quot;:{&quot;unit&quot;:&quot;px&quot;,&quot;size&quot;:35,&quot;sizes&quot;:[]},&quot;cards_row_gap_tablet&quot;:{&quot;unit&quot;:&quot;px&quot;,&quot;size&quot;:&quot;&quot;,&quot;sizes&quot;:[]},&quot;cards_row_gap_mobile&quot;:{&quot;unit&quot;:&quot;px&quot;,&quot;size&quot;:&quot;&quot;,&quot;sizes&quot;:[]}}\" data-widget_type=\"posts.cards\">\n\t\t\t\t<div class=\"elementor-widget-container\">\n\t\t\t\t\t\t\t<div class=\"elementor-posts-container elementor-posts elementor-posts--skin-cards elementor-grid\" role=\"list\">\n\t\t\t\t<article class=\"elementor-post elementor-grid-item post-1016 post type-post status-publish format-standard has-post-thumbnail hentry category-reorganizacion-empresarial category-todos\" role=\"listitem\">\n\t\t\t<div class=\"elementor-post__card\">\n\t\t\t\t<a class=\"elementor-post__thumbnail__link\" href=\"https:\/\/backbonelaw.com\/en\/2025\/08\/19\/reorganizacion-empresarial-en-colombia-eficiencia-proteccion-y-crecimiento-sostenible\/\" tabindex=\"-1\" ><div class=\"elementor-post__thumbnail\"><img fetchpriority=\"high\" decoding=\"async\" width=\"300\" height=\"200\" src=\"https:\/\/backbonelaw.com\/wp-content\/uploads\/2025\/08\/escena-de-negocios-vista-superior-300x200.jpg\" class=\"attachment-medium size-medium wp-image-1024\" alt=\"\" srcset=\"https:\/\/backbonelaw.com\/wp-content\/uploads\/2025\/08\/escena-de-negocios-vista-superior-300x200.jpg 300w, https:\/\/backbonelaw.com\/wp-content\/uploads\/2025\/08\/escena-de-negocios-vista-superior-1024x684.jpg 1024w, https:\/\/backbonelaw.com\/wp-content\/uploads\/2025\/08\/escena-de-negocios-vista-superior-768x513.jpg 768w, https:\/\/backbonelaw.com\/wp-content\/uploads\/2025\/08\/escena-de-negocios-vista-superior-1536x1025.jpg 1536w, https:\/\/backbonelaw.com\/wp-content\/uploads\/2025\/08\/escena-de-negocios-vista-superior-2048x1367.jpg 2048w, https:\/\/backbonelaw.com\/wp-content\/uploads\/2025\/08\/escena-de-negocios-vista-superior-18x12.jpg 18w\" sizes=\"(max-width: 300px) 100vw, 300px\" \/><\/div><\/a>\n\t\t\t\t<div class=\"elementor-post__text\">\n\t\t\t\t<h3 class=\"elementor-post__title\">\n\t\t\t<a href=\"https:\/\/backbonelaw.com\/en\/2025\/08\/19\/reorganizacion-empresarial-en-colombia-eficiencia-proteccion-y-crecimiento-sostenible\/\" >\n\t\t\t\tBusiness Reorganization in Colombia: Efficiency, Protection, and Sustainable Growth\t\t\t<\/a>\n\t\t<\/h3>\n\t\t\n\t\t<a class=\"elementor-post__read-more\" href=\"https:\/\/backbonelaw.com\/en\/2025\/08\/19\/reorganizacion-empresarial-en-colombia-eficiencia-proteccion-y-crecimiento-sostenible\/\" aria-label=\"Read more about Reorganizaci\u00f3n Empresarial en Colombia: Eficiencia, Protecci\u00f3n y Crecimiento Sostenible\" tabindex=\"-1\" >\n\t\t\tRead More \u00bb\t\t<\/a>\n\n\t\t\t\t<\/div>\n\t\t\t\t\t<\/div>\n\t\t<\/article>\n\t\t\t\t<article class=\"elementor-post elementor-grid-item post-1011 post type-post status-publish format-standard has-post-thumbnail hentry category-planeacion-sucesoral category-todos\" role=\"listitem\">\n\t\t\t<div class=\"elementor-post__card\">\n\t\t\t\t<a class=\"elementor-post__thumbnail__link\" href=\"https:\/\/backbonelaw.com\/en\/2025\/08\/19\/planeacion-sucesoral-en-colombia-estrategias-para-la-transmision-eficiente-del-patrimonio\/\" tabindex=\"-1\" ><div class=\"elementor-post__thumbnail\"><img decoding=\"async\" width=\"300\" height=\"205\" src=\"https:\/\/backbonelaw.com\/wp-content\/uploads\/2025\/08\/sector-inmobiliario-300x205.jpg\" class=\"attachment-medium size-medium wp-image-999\" alt=\"\" srcset=\"https:\/\/backbonelaw.com\/wp-content\/uploads\/2025\/08\/sector-inmobiliario-300x205.jpg 300w, https:\/\/backbonelaw.com\/wp-content\/uploads\/2025\/08\/sector-inmobiliario-1024x701.jpg 1024w, https:\/\/backbonelaw.com\/wp-content\/uploads\/2025\/08\/sector-inmobiliario-768x525.jpg 768w, https:\/\/backbonelaw.com\/wp-content\/uploads\/2025\/08\/sector-inmobiliario-1536x1051.jpg 1536w, https:\/\/backbonelaw.com\/wp-content\/uploads\/2025\/08\/sector-inmobiliario-2048x1401.jpg 2048w, https:\/\/backbonelaw.com\/wp-content\/uploads\/2025\/08\/sector-inmobiliario-18x12.jpg 18w\" sizes=\"(max-width: 300px) 100vw, 300px\" \/><\/div><\/a>\n\t\t\t\t<div class=\"elementor-post__text\">\n\t\t\t\t<h3 class=\"elementor-post__title\">\n\t\t\t<a href=\"https:\/\/backbonelaw.com\/en\/2025\/08\/19\/planeacion-sucesoral-en-colombia-estrategias-para-la-transmision-eficiente-del-patrimonio\/\" >\n\t\t\t\tSuccession Planning in Colombia: Strategies for the Efficient Transfer of Wealth\t\t\t<\/a>\n\t\t<\/h3>\n\t\t\n\t\t<a class=\"elementor-post__read-more\" href=\"https:\/\/backbonelaw.com\/en\/2025\/08\/19\/planeacion-sucesoral-en-colombia-estrategias-para-la-transmision-eficiente-del-patrimonio\/\" aria-label=\"Read more about Planeaci\u00f3n Sucesoral en Colombia: Estrategias para la Transmisi\u00f3n Eficiente del Patrimonio\" tabindex=\"-1\" >\n\t\t\tRead More \u00bb\t\t<\/a>\n\n\t\t\t\t<\/div>\n\t\t\t\t\t<\/div>\n\t\t<\/article>\n\t\t\t\t<article class=\"elementor-post elementor-grid-item post-991 post type-post status-publish format-standard has-post-thumbnail hentry category-planeacion-patrimonial category-todos\" role=\"listitem\">\n\t\t\t<div class=\"elementor-post__card\">\n\t\t\t\t<a class=\"elementor-post__thumbnail__link\" href=\"https:\/\/backbonelaw.com\/en\/2025\/08\/19\/planeacion-patrimonial-en-colombia-y-vehiculos-societarios-en-el-exterior-estrategias-para-la-proteccion-y-crecimiento-del-patrimonio\/\" tabindex=\"-1\" ><div class=\"elementor-post__thumbnail\"><img decoding=\"async\" width=\"300\" height=\"200\" src=\"https:\/\/backbonelaw.com\/wp-content\/uploads\/2025\/08\/mano-de-hombre-de-negocios-sostenga-el-modelo-de-casa-ahorrando-pequena-casa-300x200.jpg\" class=\"attachment-medium size-medium wp-image-1248\" alt=\"\" srcset=\"https:\/\/backbonelaw.com\/wp-content\/uploads\/2025\/08\/mano-de-hombre-de-negocios-sostenga-el-modelo-de-casa-ahorrando-pequena-casa-300x200.jpg 300w, https:\/\/backbonelaw.com\/wp-content\/uploads\/2025\/08\/mano-de-hombre-de-negocios-sostenga-el-modelo-de-casa-ahorrando-pequena-casa-1024x683.jpg 1024w, https:\/\/backbonelaw.com\/wp-content\/uploads\/2025\/08\/mano-de-hombre-de-negocios-sostenga-el-modelo-de-casa-ahorrando-pequena-casa-768x512.jpg 768w, https:\/\/backbonelaw.com\/wp-content\/uploads\/2025\/08\/mano-de-hombre-de-negocios-sostenga-el-modelo-de-casa-ahorrando-pequena-casa-1536x1024.jpg 1536w, https:\/\/backbonelaw.com\/wp-content\/uploads\/2025\/08\/mano-de-hombre-de-negocios-sostenga-el-modelo-de-casa-ahorrando-pequena-casa-2048x1365.jpg 2048w, https:\/\/backbonelaw.com\/wp-content\/uploads\/2025\/08\/mano-de-hombre-de-negocios-sostenga-el-modelo-de-casa-ahorrando-pequena-casa-18x12.jpg 18w\" sizes=\"(max-width: 300px) 100vw, 300px\" \/><\/div><\/a>\n\t\t\t\t<div class=\"elementor-post__text\">\n\t\t\t\t<h3 class=\"elementor-post__title\">\n\t\t\t<a href=\"https:\/\/backbonelaw.com\/en\/2025\/08\/19\/planeacion-patrimonial-en-colombia-y-vehiculos-societarios-en-el-exterior-estrategias-para-la-proteccion-y-crecimiento-del-patrimonio\/\" >\n\t\t\t\tWealth Planning in Colombia and Corporate Vehicles Abroad: Strategies for Asset Protection and Growth\t\t\t<\/a>\n\t\t<\/h3>\n\t\t\n\t\t<a class=\"elementor-post__read-more\" href=\"https:\/\/backbonelaw.com\/en\/2025\/08\/19\/planeacion-patrimonial-en-colombia-y-vehiculos-societarios-en-el-exterior-estrategias-para-la-proteccion-y-crecimiento-del-patrimonio\/\" aria-label=\"Read more about Planeaci\u00f3n Patrimonial en Colombia y Veh\u00edculos Societarios en el Exterior: Estrategias para la Protecci\u00f3n y Crecimiento del Patrimonio\" tabindex=\"-1\" >\n\t\t\tRead More \u00bb\t\t<\/a>\n\n\t\t\t\t<\/div>\n\t\t\t\t\t<\/div>\n\t\t<\/article>\n\t\t\t\t<\/div>\n\t\t\n\t\t\t\t\t\t<\/div>\n\t\t\t\t<\/div>\n\t\t\t\t\t<\/div>\n\t\t\t\t<\/div>\n\t\t<div class=\"elementor-element elementor-element-5dd5dcd e-flex e-con-boxed wpr-particle-no wpr-jarallax-no wpr-parallax-no wpr-sticky-section-no e-con e-parent\" data-id=\"5dd5dcd\" data-element_type=\"container\">\n\t\t\t\t\t<div class=\"e-con-inner\">\n\t\t\t\t<div class=\"elementor-element elementor-element-b171c04 elementor-widget elementor-widget-spacer\" data-id=\"b171c04\" data-element_type=\"widget\" data-widget_type=\"spacer.default\">\n\t\t\t\t\t\t\t<div class=\"elementor-spacer\">\n\t\t\t<div class=\"elementor-spacer-inner\"><\/div>\n\t\t<\/div>\n\t\t\t\t\t\t<\/div>\n\t\t\t\t\t<\/div>\n\t\t\t\t<\/div>\n\t\t\t\t<\/div>","protected":false},"excerpt":{"rendered":"<p>TODOS PLANEACI\u00d3N PATROMONIAL PLANEACI\u00d3N SUCESORAL REORGANIZACI\u00d3N EMPRESARIAL X<\/p>","protected":false},"author":2,"featured_media":0,"parent":0,"menu_order":0,"comment_status":"closed","ping_status":"closed","template":"","meta":{"footnotes":""},"class_list":["post-936","page","type-page","status-publish","hentry"],"rttpg_featured_image_url":null,"rttpg_author":{"display_name":"adminlaw","author_link":"https:\/\/backbonelaw.com\/en\/author\/adminlaw\/"},"rttpg_comment":0,"rttpg_category":"","rttpg_excerpt":"TODOS PLANEACI\u00d3N PATROMONIAL PLANEACI\u00d3N SUCESORAL REORGANIZACI\u00d3N EMPRESARIAL X","_links":{"self":[{"href":"https:\/\/backbonelaw.com\/en\/wp-json\/wp\/v2\/pages\/936","targetHints":{"allow":["GET"]}}],"collection":[{"href":"https:\/\/backbonelaw.com\/en\/wp-json\/wp\/v2\/pages"}],"about":[{"href":"https:\/\/backbonelaw.com\/en\/wp-json\/wp\/v2\/types\/page"}],"author":[{"embeddable":true,"href":"https:\/\/backbonelaw.com\/en\/wp-json\/wp\/v2\/users\/2"}],"replies":[{"embeddable":true,"href":"https:\/\/backbonelaw.com\/en\/wp-json\/wp\/v2\/comments?post=936"}],"version-history":[{"count":88,"href":"https:\/\/backbonelaw.com\/en\/wp-json\/wp\/v2\/pages\/936\/revisions"}],"predecessor-version":[{"id":1486,"href":"https:\/\/backbonelaw.com\/en\/wp-json\/wp\/v2\/pages\/936\/revisions\/1486"}],"wp:attachment":[{"href":"https:\/\/backbonelaw.com\/en\/wp-json\/wp\/v2\/media?parent=936"}],"curies":[{"name":"wp","href":"https:\/\/api.w.org\/{rel}","templated":true}]}}