{"id":449,"date":"2025-07-29T15:52:18","date_gmt":"2025-07-29T13:52:18","guid":{"rendered":"https:\/\/backbonelaw.com\/?page_id=449"},"modified":"2025-10-16T23:01:33","modified_gmt":"2025-10-16T21:01:33","slug":"team","status":"publish","type":"page","link":"https:\/\/backbonelaw.com\/en\/team\/","title":{"rendered":"TEAM"},"content":{"rendered":"<div data-elementor-type=\"wp-page\" data-elementor-id=\"449\" class=\"elementor elementor-449\" data-elementor-post-type=\"page\">\n\t\t\t\t<div class=\"elementor-element elementor-element-192fa81 e-con-full e-flex wpr-particle-no wpr-jarallax-no wpr-parallax-no wpr-sticky-section-no e-con e-parent\" data-id=\"192fa81\" data-element_type=\"container\" data-settings=\"{&quot;background_background&quot;:&quot;classic&quot;}\">\n\t\t<div class=\"elementor-element elementor-element-18f9218 e-con-full e-flex wpr-particle-no wpr-jarallax-no wpr-parallax-no wpr-sticky-section-no e-con e-child\" data-id=\"18f9218\" data-element_type=\"container\">\n\t\t\t\t<div class=\"elementor-element elementor-element-37435c2 elementor-widget-mobile__width-initial elementor-widget elementor-widget-heading\" data-id=\"37435c2\" data-element_type=\"widget\" data-widget_type=\"heading.default\">\n\t\t\t\t\t<h2 class=\"elementor-heading-title elementor-size-default\">DANIEL ARISTIZABAL JARAMILLO\u200b<\/h2>\t\t\t\t<\/div>\n\t\t\t\t<div class=\"elementor-element elementor-element-f551064 elementor-widget__width-initial elementor-widget elementor-widget-text-editor\" data-id=\"f551064\" data-element_type=\"widget\" data-widget_type=\"text-editor.default\">\n\t\t\t\t\t\t\t\t\t<p>Lawyer, specialist in business law, with over 10 years of experience advising companies and families in corporate law, asset protection, and estate planning.<\/p><p>Founder and leader of Backbone Law, he drives the firm\u2019s strategic vision and international expansion.<\/p><p>Lawyer, specialist in business law, with over 10 years of experience advising companies and families in corporate law, asset protection, and estate planning.<\/p><p>Languages: Spanish, English.<\/p>\t\t\t\t\t\t\t\t<\/div>\n\t\t\t\t<div class=\"elementor-element elementor-element-5b822a3 elementor-widget elementor-widget-heading\" data-id=\"5b822a3\" data-element_type=\"widget\" data-widget_type=\"heading.default\">\n\t\t\t\t\t<p class=\"elementor-heading-title elementor-size-default\"><a href=\"https:\/\/co.linkedin.com\/?trk=organization_guest_nav-header-logo\" target=\"_blank\">Perfil de LinkedIn<\/a><\/p>\t\t\t\t<\/div>\n\t\t\t\t<\/div>\n\t\t\t\t<\/div>\n\t\t<div class=\"elementor-element elementor-element-904aa65 e-flex e-con-boxed wpr-particle-no wpr-jarallax-no wpr-parallax-no wpr-sticky-section-no e-con e-parent\" data-id=\"904aa65\" data-element_type=\"container\" data-settings=\"{&quot;background_background&quot;:&quot;classic&quot;}\">\n\t\t\t\t\t<div class=\"e-con-inner\">\n\t\t<div class=\"elementor-element elementor-element-d29ee85 e-con-full e-flex wpr-particle-no wpr-jarallax-no wpr-parallax-no wpr-sticky-section-no e-con e-child\" data-id=\"d29ee85\" data-element_type=\"container\">\n\t\t\t\t<div class=\"elementor-element elementor-element-8954fb5 elementor-widget elementor-widget-heading\" data-id=\"8954fb5\" data-element_type=\"widget\" data-widget_type=\"heading.default\">\n\t\t\t\t\t<h2 class=\"elementor-heading-title elementor-size-default\">MEET THE TEAM<\/h2>\t\t\t\t<\/div>\n\t\t\t\t<div class=\"elementor-element elementor-element-f2eb17a elementor-widget__width-initial elementor-widget elementor-widget-text-editor\" data-id=\"f2eb17a\" data-element_type=\"widget\" data-widget_type=\"text-editor.default\">\n\t\t\t\t\t\t\t\t\t<p>Our team combines technical excellence, a human approach, and a culture of merit, resilience, and accelerated learning. Every project is addressed with a strategic mindset and an unwavering commitment to the success and protection of our clients.<\/p>\t\t\t\t\t\t\t\t<\/div>\n\t\t<div class=\"elementor-element elementor-element-7f1ab11 e-con-full e-flex wpr-particle-no wpr-jarallax-no wpr-parallax-no wpr-sticky-section-no e-con e-child\" data-id=\"7f1ab11\" data-element_type=\"container\">\n\t\t<div class=\"elementor-element elementor-element-664ebbd e-con-full e-flex wpr-particle-no wpr-jarallax-no wpr-parallax-no wpr-sticky-section-no e-con e-child\" data-id=\"664ebbd\" data-element_type=\"container\">\n\t\t\t\t<div class=\"elementor-element elementor-element-1633e73 elementor-widget elementor-widget-image\" data-id=\"1633e73\" data-element_type=\"widget\" data-widget_type=\"image.default\">\n\t\t\t\t\t\t\t\t\t\t\t\t\t\t\t<img fetchpriority=\"high\" decoding=\"async\" width=\"250\" height=\"250\" src=\"https:\/\/backbonelaw.com\/wp-content\/uploads\/2025\/07\/member1.jpg\" class=\"attachment-full size-full wp-image-501\" alt=\"\" srcset=\"https:\/\/backbonelaw.com\/wp-content\/uploads\/2025\/07\/member1.jpg 250w, https:\/\/backbonelaw.com\/wp-content\/uploads\/2025\/07\/member1-150x150.jpg 150w\" sizes=\"(max-width: 250px) 100vw, 250px\" \/>\t\t\t\t\t\t\t\t\t\t\t\t\t\t\t<\/div>\n\t\t\t\t<div class=\"elementor-element elementor-element-d29e9c0 elementor-widget elementor-widget-heading\" data-id=\"d29e9c0\" data-element_type=\"widget\" data-widget_type=\"heading.default\">\n\t\t\t\t\t<h4 class=\"elementor-heading-title elementor-size-default\">Ana Carolina Osorio<\/h4>\t\t\t\t<\/div>\n\t\t\t\t<div class=\"elementor-element elementor-element-d047131 elementor-widget elementor-widget-text-editor\" data-id=\"d047131\" data-element_type=\"widget\" data-widget_type=\"text-editor.default\">\n\t\t\t\t\t\t\t\t\t<p>Lawyer with a Master\u2019s Degree in International Business Law<\/p>\t\t\t\t\t\t\t\t<\/div>\n\t\t\t\t<div class=\"elementor-element elementor-element-174d090 elementor-view-default elementor-widget elementor-widget-icon\" data-id=\"174d090\" data-element_type=\"widget\" data-widget_type=\"icon.default\">\n\t\t\t\t\t\t\t<div class=\"elementor-icon-wrapper\">\n\t\t\t<div class=\"elementor-icon\">\n\t\t\t<svg aria-hidden=\"true\" class=\"e-font-icon-svg e-fab-linkedin\" viewbox=\"0 0 448 512\" xmlns=\"http:\/\/www.w3.org\/2000\/svg\"><path d=\"M416 32H31.9C14.3 32 0 46.5 0 64.3v383.4C0 465.5 14.3 480 31.9 480H416c17.6 0 32-14.5 32-32.3V64.3c0-17.8-14.4-32.3-32-32.3zM135.4 416H69V202.2h66.5V416zm-33.2-243c-21.3 0-38.5-17.3-38.5-38.5S80.9 96 102.2 96c21.2 0 38.5 17.3 38.5 38.5 0 21.3-17.2 38.5-38.5 38.5zm282.1 243h-66.4V312c0-24.8-.5-56.7-34.5-56.7-34.6 0-39.9 27-39.9 54.9V416h-66.4V202.2h63.7v29.2h.9c8.9-16.8 30.6-34.5 62.9-34.5 67.2 0 79.7 44.3 79.7 101.9V416z\"><\/path><\/svg>\t\t\t<\/div>\n\t\t<\/div>\n\t\t\t\t\t\t<\/div>\n\t\t\t\t<\/div>\n\t\t<div class=\"elementor-element elementor-element-37ee1e1 e-con-full e-flex wpr-particle-no wpr-jarallax-no wpr-parallax-no wpr-sticky-section-no e-con e-child\" data-id=\"37ee1e1\" data-element_type=\"container\">\n\t\t\t\t<div class=\"elementor-element elementor-element-f47dcc1 elementor-widget elementor-widget-image\" data-id=\"f47dcc1\" data-element_type=\"widget\" data-widget_type=\"image.default\">\n\t\t\t\t\t\t\t\t\t\t\t\t\t\t\t<img fetchpriority=\"high\" decoding=\"async\" width=\"250\" height=\"250\" src=\"https:\/\/backbonelaw.com\/wp-content\/uploads\/2025\/07\/member1.jpg\" class=\"attachment-full size-full wp-image-501\" alt=\"\" srcset=\"https:\/\/backbonelaw.com\/wp-content\/uploads\/2025\/07\/member1.jpg 250w, https:\/\/backbonelaw.com\/wp-content\/uploads\/2025\/07\/member1-150x150.jpg 150w\" sizes=\"(max-width: 250px) 100vw, 250px\" \/>\t\t\t\t\t\t\t\t\t\t\t\t\t\t\t<\/div>\n\t\t\t\t<div class=\"elementor-element elementor-element-6000e7b elementor-widget elementor-widget-heading\" data-id=\"6000e7b\" data-element_type=\"widget\" data-widget_type=\"heading.default\">\n\t\t\t\t\t<h4 class=\"elementor-heading-title elementor-size-default\">Juan Pablo Ulloa<\/h4>\t\t\t\t<\/div>\n\t\t\t\t<div class=\"elementor-element elementor-element-29f6d30 elementor-widget elementor-widget-text-editor\" data-id=\"29f6d30\" data-element_type=\"widget\" data-widget_type=\"text-editor.default\">\n\t\t\t\t\t\t\t\t\t<p>Lawyer with a Master\u2019s Degree in International Business Law<\/p>\t\t\t\t\t\t\t\t<\/div>\n\t\t\t\t<div class=\"elementor-element elementor-element-68b0428 elementor-view-default elementor-widget elementor-widget-icon\" data-id=\"68b0428\" data-element_type=\"widget\" data-widget_type=\"icon.default\">\n\t\t\t\t\t\t\t<div class=\"elementor-icon-wrapper\">\n\t\t\t<div class=\"elementor-icon\">\n\t\t\t<svg aria-hidden=\"true\" class=\"e-font-icon-svg e-fab-linkedin\" viewbox=\"0 0 448 512\" xmlns=\"http:\/\/www.w3.org\/2000\/svg\"><path d=\"M416 32H31.9C14.3 32 0 46.5 0 64.3v383.4C0 465.5 14.3 480 31.9 480H416c17.6 0 32-14.5 32-32.3V64.3c0-17.8-14.4-32.3-32-32.3zM135.4 416H69V202.2h66.5V416zm-33.2-243c-21.3 0-38.5-17.3-38.5-38.5S80.9 96 102.2 96c21.2 0 38.5 17.3 38.5 38.5 0 21.3-17.2 38.5-38.5 38.5zm282.1 243h-66.4V312c0-24.8-.5-56.7-34.5-56.7-34.6 0-39.9 27-39.9 54.9V416h-66.4V202.2h63.7v29.2h.9c8.9-16.8 30.6-34.5 62.9-34.5 67.2 0 79.7 44.3 79.7 101.9V416z\"><\/path><\/svg>\t\t\t<\/div>\n\t\t<\/div>\n\t\t\t\t\t\t<\/div>\n\t\t\t\t<\/div>\n\t\t<div class=\"elementor-element elementor-element-5e123f1 e-con-full e-flex wpr-particle-no wpr-jarallax-no wpr-parallax-no wpr-sticky-section-no e-con e-child\" data-id=\"5e123f1\" data-element_type=\"container\">\n\t\t\t\t<div class=\"elementor-element elementor-element-8c2c01c elementor-widget elementor-widget-image\" data-id=\"8c2c01c\" data-element_type=\"widget\" data-widget_type=\"image.default\">\n\t\t\t\t\t\t\t\t\t\t\t\t\t\t\t<img fetchpriority=\"high\" decoding=\"async\" width=\"250\" height=\"250\" src=\"https:\/\/backbonelaw.com\/wp-content\/uploads\/2025\/07\/member1.jpg\" class=\"attachment-full size-full wp-image-501\" alt=\"\" srcset=\"https:\/\/backbonelaw.com\/wp-content\/uploads\/2025\/07\/member1.jpg 250w, https:\/\/backbonelaw.com\/wp-content\/uploads\/2025\/07\/member1-150x150.jpg 150w\" sizes=\"(max-width: 250px) 100vw, 250px\" \/>\t\t\t\t\t\t\t\t\t\t\t\t\t\t\t<\/div>\n\t\t\t\t<div class=\"elementor-element elementor-element-bc5b70b elementor-widget elementor-widget-heading\" data-id=\"bc5b70b\" data-element_type=\"widget\" data-widget_type=\"heading.default\">\n\t\t\t\t\t<h4 class=\"elementor-heading-title elementor-size-default\">Ayrton Alfaro Alzate <\/h4>\t\t\t\t<\/div>\n\t\t\t\t<div class=\"elementor-element elementor-element-e5f8cad elementor-widget elementor-widget-text-editor\" data-id=\"e5f8cad\" data-element_type=\"widget\" data-widget_type=\"text-editor.default\">\n\t\t\t\t\t\t\t\t\t<p>Lawyer &amp; Business Consultant, COO of Backbone Law.\u00a0<\/p>\t\t\t\t\t\t\t\t<\/div>\n\t\t\t\t<div class=\"elementor-element elementor-element-ccc1a0c elementor-view-default elementor-widget elementor-widget-icon\" data-id=\"ccc1a0c\" data-element_type=\"widget\" data-widget_type=\"icon.default\">\n\t\t\t\t\t\t\t<div class=\"elementor-icon-wrapper\">\n\t\t\t<div class=\"elementor-icon\">\n\t\t\t<svg aria-hidden=\"true\" class=\"e-font-icon-svg e-fab-linkedin\" viewbox=\"0 0 448 512\" xmlns=\"http:\/\/www.w3.org\/2000\/svg\"><path d=\"M416 32H31.9C14.3 32 0 46.5 0 64.3v383.4C0 465.5 14.3 480 31.9 480H416c17.6 0 32-14.5 32-32.3V64.3c0-17.8-14.4-32.3-32-32.3zM135.4 416H69V202.2h66.5V416zm-33.2-243c-21.3 0-38.5-17.3-38.5-38.5S80.9 96 102.2 96c21.2 0 38.5 17.3 38.5 38.5 0 21.3-17.2 38.5-38.5 38.5zm282.1 243h-66.4V312c0-24.8-.5-56.7-34.5-56.7-34.6 0-39.9 27-39.9 54.9V416h-66.4V202.2h63.7v29.2h.9c8.9-16.8 30.6-34.5 62.9-34.5 67.2 0 79.7 44.3 79.7 101.9V416z\"><\/path><\/svg>\t\t\t<\/div>\n\t\t<\/div>\n\t\t\t\t\t\t<\/div>\n\t\t\t\t<\/div>\n\t\t\t\t<\/div>\n\t\t<div class=\"elementor-element elementor-element-0d8b320 e-con-full e-flex wpr-particle-no wpr-jarallax-no wpr-parallax-no wpr-sticky-section-no e-con e-child\" data-id=\"0d8b320\" data-element_type=\"container\">\n\t\t<div class=\"elementor-element elementor-element-6e4ee98 e-con-full e-flex wpr-particle-no wpr-jarallax-no wpr-parallax-no wpr-sticky-section-no e-con e-child\" data-id=\"6e4ee98\" data-element_type=\"container\">\n\t\t\t\t<div class=\"elementor-element elementor-element-2633d68 elementor-widget elementor-widget-image\" data-id=\"2633d68\" data-element_type=\"widget\" data-widget_type=\"image.default\">\n\t\t\t\t\t\t\t\t\t\t\t\t\t\t\t<img fetchpriority=\"high\" decoding=\"async\" width=\"250\" height=\"250\" src=\"https:\/\/backbonelaw.com\/wp-content\/uploads\/2025\/07\/member1.jpg\" class=\"attachment-full size-full wp-image-501\" alt=\"\" srcset=\"https:\/\/backbonelaw.com\/wp-content\/uploads\/2025\/07\/member1.jpg 250w, https:\/\/backbonelaw.com\/wp-content\/uploads\/2025\/07\/member1-150x150.jpg 150w\" sizes=\"(max-width: 250px) 100vw, 250px\" \/>\t\t\t\t\t\t\t\t\t\t\t\t\t\t\t<\/div>\n\t\t\t\t<div class=\"elementor-element elementor-element-9e1e8fa elementor-widget elementor-widget-heading\" data-id=\"9e1e8fa\" data-element_type=\"widget\" data-widget_type=\"heading.default\">\n\t\t\t\t\t<h4 class=\"elementor-heading-title elementor-size-default\">Ana Carolina Osorio<\/h4>\t\t\t\t<\/div>\n\t\t\t\t<div class=\"elementor-element elementor-element-3a57390 elementor-widget elementor-widget-text-editor\" data-id=\"3a57390\" data-element_type=\"widget\" data-widget_type=\"text-editor.default\">\n\t\t\t\t\t\t\t\t\t<p>Lawyer with a Master\u2019s Degree in International Business Law<\/p>\t\t\t\t\t\t\t\t<\/div>\n\t\t\t\t<div class=\"elementor-element elementor-element-7a748bb elementor-view-default elementor-widget elementor-widget-icon\" data-id=\"7a748bb\" data-element_type=\"widget\" data-widget_type=\"icon.default\">\n\t\t\t\t\t\t\t<div class=\"elementor-icon-wrapper\">\n\t\t\t<div class=\"elementor-icon\">\n\t\t\t<svg aria-hidden=\"true\" class=\"e-font-icon-svg e-fab-linkedin\" viewbox=\"0 0 448 512\" xmlns=\"http:\/\/www.w3.org\/2000\/svg\"><path d=\"M416 32H31.9C14.3 32 0 46.5 0 64.3v383.4C0 465.5 14.3 480 31.9 480H416c17.6 0 32-14.5 32-32.3V64.3c0-17.8-14.4-32.3-32-32.3zM135.4 416H69V202.2h66.5V416zm-33.2-243c-21.3 0-38.5-17.3-38.5-38.5S80.9 96 102.2 96c21.2 0 38.5 17.3 38.5 38.5 0 21.3-17.2 38.5-38.5 38.5zm282.1 243h-66.4V312c0-24.8-.5-56.7-34.5-56.7-34.6 0-39.9 27-39.9 54.9V416h-66.4V202.2h63.7v29.2h.9c8.9-16.8 30.6-34.5 62.9-34.5 67.2 0 79.7 44.3 79.7 101.9V416z\"><\/path><\/svg>\t\t\t<\/div>\n\t\t<\/div>\n\t\t\t\t\t\t<\/div>\n\t\t\t\t<\/div>\n\t\t<div class=\"elementor-element elementor-element-cd28bd1 e-con-full e-flex wpr-particle-no wpr-jarallax-no wpr-parallax-no wpr-sticky-section-no e-con e-child\" data-id=\"cd28bd1\" data-element_type=\"container\">\n\t\t\t\t<div class=\"elementor-element elementor-element-d08234c elementor-widget elementor-widget-image\" data-id=\"d08234c\" data-element_type=\"widget\" data-widget_type=\"image.default\">\n\t\t\t\t\t\t\t\t\t\t\t\t\t\t\t<img fetchpriority=\"high\" decoding=\"async\" width=\"250\" height=\"250\" src=\"https:\/\/backbonelaw.com\/wp-content\/uploads\/2025\/07\/member1.jpg\" class=\"attachment-full size-full wp-image-501\" alt=\"\" srcset=\"https:\/\/backbonelaw.com\/wp-content\/uploads\/2025\/07\/member1.jpg 250w, https:\/\/backbonelaw.com\/wp-content\/uploads\/2025\/07\/member1-150x150.jpg 150w\" sizes=\"(max-width: 250px) 100vw, 250px\" \/>\t\t\t\t\t\t\t\t\t\t\t\t\t\t\t<\/div>\n\t\t\t\t<div class=\"elementor-element elementor-element-7ebafac elementor-widget elementor-widget-heading\" data-id=\"7ebafac\" data-element_type=\"widget\" data-widget_type=\"heading.default\">\n\t\t\t\t\t<h4 class=\"elementor-heading-title elementor-size-default\">Juan Pablo Ulloa<\/h4>\t\t\t\t<\/div>\n\t\t\t\t<div class=\"elementor-element elementor-element-cb8920c elementor-widget elementor-widget-text-editor\" data-id=\"cb8920c\" data-element_type=\"widget\" data-widget_type=\"text-editor.default\">\n\t\t\t\t\t\t\t\t\t<p>Lawyer with a Master\u2019s Degree in International Business Law<\/p>\t\t\t\t\t\t\t\t<\/div>\n\t\t\t\t<div class=\"elementor-element elementor-element-3f7d091 elementor-view-default elementor-widget elementor-widget-icon\" data-id=\"3f7d091\" data-element_type=\"widget\" data-widget_type=\"icon.default\">\n\t\t\t\t\t\t\t<div class=\"elementor-icon-wrapper\">\n\t\t\t<div class=\"elementor-icon\">\n\t\t\t<svg aria-hidden=\"true\" class=\"e-font-icon-svg e-fab-linkedin\" viewbox=\"0 0 448 512\" xmlns=\"http:\/\/www.w3.org\/2000\/svg\"><path d=\"M416 32H31.9C14.3 32 0 46.5 0 64.3v383.4C0 465.5 14.3 480 31.9 480H416c17.6 0 32-14.5 32-32.3V64.3c0-17.8-14.4-32.3-32-32.3zM135.4 416H69V202.2h66.5V416zm-33.2-243c-21.3 0-38.5-17.3-38.5-38.5S80.9 96 102.2 96c21.2 0 38.5 17.3 38.5 38.5 0 21.3-17.2 38.5-38.5 38.5zm282.1 243h-66.4V312c0-24.8-.5-56.7-34.5-56.7-34.6 0-39.9 27-39.9 54.9V416h-66.4V202.2h63.7v29.2h.9c8.9-16.8 30.6-34.5 62.9-34.5 67.2 0 79.7 44.3 79.7 101.9V416z\"><\/path><\/svg>\t\t\t<\/div>\n\t\t<\/div>\n\t\t\t\t\t\t<\/div>\n\t\t\t\t<\/div>\n\t\t<div class=\"elementor-element elementor-element-c857e87 e-con-full e-flex wpr-particle-no wpr-jarallax-no wpr-parallax-no wpr-sticky-section-no e-con e-child\" data-id=\"c857e87\" data-element_type=\"container\">\n\t\t\t\t<div class=\"elementor-element elementor-element-7579670 elementor-widget elementor-widget-image\" data-id=\"7579670\" data-element_type=\"widget\" data-widget_type=\"image.default\">\n\t\t\t\t\t\t\t\t\t\t\t\t\t\t\t<img fetchpriority=\"high\" decoding=\"async\" width=\"250\" height=\"250\" src=\"https:\/\/backbonelaw.com\/wp-content\/uploads\/2025\/07\/member1.jpg\" class=\"attachment-full size-full wp-image-501\" alt=\"\" srcset=\"https:\/\/backbonelaw.com\/wp-content\/uploads\/2025\/07\/member1.jpg 250w, https:\/\/backbonelaw.com\/wp-content\/uploads\/2025\/07\/member1-150x150.jpg 150w\" sizes=\"(max-width: 250px) 100vw, 250px\" \/>\t\t\t\t\t\t\t\t\t\t\t\t\t\t\t<\/div>\n\t\t\t\t<div class=\"elementor-element elementor-element-c2ff06f elementor-widget elementor-widget-heading\" data-id=\"c2ff06f\" data-element_type=\"widget\" data-widget_type=\"heading.default\">\n\t\t\t\t\t<h4 class=\"elementor-heading-title elementor-size-default\">Ayrton Alfaro Alzate <\/h4>\t\t\t\t<\/div>\n\t\t\t\t<div class=\"elementor-element elementor-element-abd5323 elementor-widget elementor-widget-text-editor\" data-id=\"abd5323\" data-element_type=\"widget\" data-widget_type=\"text-editor.default\">\n\t\t\t\t\t\t\t\t\t<p>Lawyer &amp; Business Consultant, COO of Backbone Law.\u00a0<\/p>\t\t\t\t\t\t\t\t<\/div>\n\t\t\t\t<div class=\"elementor-element elementor-element-f4fb673 elementor-view-default elementor-widget elementor-widget-icon\" data-id=\"f4fb673\" data-element_type=\"widget\" data-widget_type=\"icon.default\">\n\t\t\t\t\t\t\t<div class=\"elementor-icon-wrapper\">\n\t\t\t<div class=\"elementor-icon\">\n\t\t\t<svg aria-hidden=\"true\" class=\"e-font-icon-svg e-fab-linkedin\" viewbox=\"0 0 448 512\" xmlns=\"http:\/\/www.w3.org\/2000\/svg\"><path d=\"M416 32H31.9C14.3 32 0 46.5 0 64.3v383.4C0 465.5 14.3 480 31.9 480H416c17.6 0 32-14.5 32-32.3V64.3c0-17.8-14.4-32.3-32-32.3zM135.4 416H69V202.2h66.5V416zm-33.2-243c-21.3 0-38.5-17.3-38.5-38.5S80.9 96 102.2 96c21.2 0 38.5 17.3 38.5 38.5 0 21.3-17.2 38.5-38.5 38.5zm282.1 243h-66.4V312c0-24.8-.5-56.7-34.5-56.7-34.6 0-39.9 27-39.9 54.9V416h-66.4V202.2h63.7v29.2h.9c8.9-16.8 30.6-34.5 62.9-34.5 67.2 0 79.7 44.3 79.7 101.9V416z\"><\/path><\/svg>\t\t\t<\/div>\n\t\t<\/div>\n\t\t\t\t\t\t<\/div>\n\t\t\t\t<\/div>\n\t\t\t\t<\/div>\n\t\t\t\t<\/div>\n\t\t\t\t\t<\/div>\n\t\t\t\t<\/div>\n\t\t\t\t<\/div>","protected":false},"excerpt":{"rendered":"<p>DANIEL ARISTIZABAL JARAMILLO\u200b Abogado, especialista en derecho de los negocios, con m\u00e1s de 10 a\u00f1os de experiencia asesorando empresas y familias en derecho corporativo, protecci\u00f3n patrimonial y planeaci\u00f3n sucesoral. Fundador y l\u00edder de Backbone Law, dirige la visi\u00f3n estrat\u00e9gica y la expansi\u00f3n internacional de la firma. Abogado, especialista en derecho de los negocios, con m\u00e1s de 10 a\u00f1os de experiencia asesorando empresas y familias en derecho corporativo, protecci\u00f3n patrimonial y planeaci\u00f3n sucesoral. Idiomas: espa\u00f1ol, ingl\u00e9s. Perfil de LinkedIn MEET THE TEAM Nuestro equipo combina excelencia t\u00e9cnica, cercan\u00eda humana y una cultura de m\u00e9rito, resiliencia y aprendizaje acelerado. Cada proyecto se aborda con un enfoque estrat\u00e9gico y un compromiso absoluto con el \u00e9xito y la protecci\u00f3n de nuestros clientes. Ana Carolina Osorio Abogada con Maestr\u00eda en Derecho Internacional de los Negocios Juan Pablo Ulloa Abogada con Maestr\u00eda en Derecho Internacional de los Negocios Ayrton Alfaro Alzate Abogado &amp; consultor de negocio, COO de Backbone Law.\u00a0 Ana Carolina Osorio Abogada con Maestr\u00eda en Derecho Internacional de los Negocios Juan Pablo Ulloa Abogada con Maestr\u00eda en Derecho Internacional de los Negocios Ayrton Alfaro Alzate Abogado &amp; consultor de negocio, COO de Backbone Law.\u00a0<\/p>","protected":false},"author":2,"featured_media":0,"parent":0,"menu_order":0,"comment_status":"closed","ping_status":"closed","template":"","meta":{"footnotes":""},"class_list":["post-449","page","type-page","status-publish","hentry"],"rttpg_featured_image_url":null,"rttpg_author":{"display_name":"adminlaw","author_link":"https:\/\/backbonelaw.com\/en\/author\/adminlaw\/"},"rttpg_comment":0,"rttpg_category":null,"rttpg_excerpt":"DANIEL ARISTIZABAL JARAMILLO\u200b Abogado, especialista en derecho de los negocios, con m\u00e1s de 10 a\u00f1os de experiencia asesorando empresas y familias en derecho corporativo, protecci\u00f3n patrimonial y planeaci\u00f3n sucesoral. Fundador y l\u00edder de Backbone Law, dirige la visi\u00f3n estrat\u00e9gica y la expansi\u00f3n internacional de la firma. Abogado, especialista en derecho de los negocios, con m\u00e1s&hellip;","_links":{"self":[{"href":"https:\/\/backbonelaw.com\/en\/wp-json\/wp\/v2\/pages\/449","targetHints":{"allow":["GET"]}}],"collection":[{"href":"https:\/\/backbonelaw.com\/en\/wp-json\/wp\/v2\/pages"}],"about":[{"href":"https:\/\/backbonelaw.com\/en\/wp-json\/wp\/v2\/types\/page"}],"author":[{"embeddable":true,"href":"https:\/\/backbonelaw.com\/en\/wp-json\/wp\/v2\/users\/2"}],"replies":[{"embeddable":true,"href":"https:\/\/backbonelaw.com\/en\/wp-json\/wp\/v2\/comments?post=449"}],"version-history":[{"count":145,"href":"https:\/\/backbonelaw.com\/en\/wp-json\/wp\/v2\/pages\/449\/revisions"}],"predecessor-version":[{"id":1661,"href":"https:\/\/backbonelaw.com\/en\/wp-json\/wp\/v2\/pages\/449\/revisions\/1661"}],"wp:attachment":[{"href":"https:\/\/backbonelaw.com\/en\/wp-json\/wp\/v2\/media?parent=449"}],"curies":[{"name":"wp","href":"https:\/\/api.w.org\/{rel}","templated":true}]}}