{"id":261,"date":"2025-07-22T23:34:56","date_gmt":"2025-07-22T21:34:56","guid":{"rendered":"https:\/\/backbonelaw.com\/?page_id=261"},"modified":"2025-09-11T01:16:37","modified_gmt":"2025-09-10T23:16:37","slug":"where-to-find-us","status":"publish","type":"page","link":"https:\/\/backbonelaw.com\/en\/where-to-find-us\/","title":{"rendered":"WHERE TO FIND US"},"content":{"rendered":"<div data-elementor-type=\"wp-page\" data-elementor-id=\"261\" class=\"elementor elementor-261\" data-elementor-post-type=\"page\">\n\t\t\t\t<div class=\"elementor-element elementor-element-90cf9d6 e-con-full e-flex wpr-particle-no wpr-jarallax-no wpr-parallax-no wpr-sticky-section-no e-con e-parent\" data-id=\"90cf9d6\" data-element_type=\"container\" data-settings=\"{&quot;background_background&quot;:&quot;classic&quot;}\">\n\t\t\t\t<div class=\"elementor-element elementor-element-8597b07 elementor-widget elementor-widget-heading\" data-id=\"8597b07\" data-element_type=\"widget\" data-widget_type=\"heading.default\">\n\t\t\t\t\t<h2 class=\"elementor-heading-title elementor-size-default\">WHERE TO FIND US<\/h2>\t\t\t\t<\/div>\n\t\t\t\t<div class=\"elementor-element elementor-element-d92b728 elementor-widget elementor-widget-spacer\" data-id=\"d92b728\" data-element_type=\"widget\" data-widget_type=\"spacer.default\">\n\t\t\t\t\t\t\t<div class=\"elementor-spacer\">\n\t\t\t<div class=\"elementor-spacer-inner\"><\/div>\n\t\t<\/div>\n\t\t\t\t\t\t<\/div>\n\t\t\t\t<div class=\"elementor-element elementor-element-bf7cb36 elementor-widget-mobile__width-initial elementor-widget elementor-widget-text-editor\" data-id=\"bf7cb36\" data-element_type=\"widget\" data-widget_type=\"text-editor.default\">\n\t\t\t\t\t\t\t\t\t<p class=\"translation-block\">National consolidation in Colombia.\n<br>Regional expansion in Panama and Miami.\n<br>Entry into Europe (Spain and Portugal).\n<br>Global partnerships with trust companies, family offices, and local firms.<\/p>\t\t\t\t\t\t\t\t<\/div>\n\t\t\t\t<div class=\"elementor-element elementor-element-8fe6dbe elementor-widget elementor-widget-image\" data-id=\"8fe6dbe\" data-element_type=\"widget\" data-widget_type=\"image.default\">\n\t\t\t\t\t\t\t\t\t\t\t\t\t\t\t<img fetchpriority=\"high\" decoding=\"async\" width=\"800\" height=\"412\" src=\"https:\/\/backbonelaw.com\/wp-content\/uploads\/2025\/08\/Mapa-de-las-Mentiras-1-1024x527.png\" class=\"attachment-large size-large wp-image-912\" alt=\"\" srcset=\"https:\/\/backbonelaw.com\/wp-content\/uploads\/2025\/08\/Mapa-de-las-Mentiras-1-1024x527.png 1024w, https:\/\/backbonelaw.com\/wp-content\/uploads\/2025\/08\/Mapa-de-las-Mentiras-1-300x154.png 300w, https:\/\/backbonelaw.com\/wp-content\/uploads\/2025\/08\/Mapa-de-las-Mentiras-1-768x395.png 768w, https:\/\/backbonelaw.com\/wp-content\/uploads\/2025\/08\/Mapa-de-las-Mentiras-1-1536x791.png 1536w, https:\/\/backbonelaw.com\/wp-content\/uploads\/2025\/08\/Mapa-de-las-Mentiras-1-2048x1054.png 2048w, https:\/\/backbonelaw.com\/wp-content\/uploads\/2025\/08\/Mapa-de-las-Mentiras-1-18x9.png 18w\" sizes=\"(max-width: 800px) 100vw, 800px\" \/>\t\t\t\t\t\t\t\t\t\t\t\t\t\t\t<\/div>\n\t\t\t\t<\/div>\n\t\t\t\t<\/div>","protected":false},"excerpt":{"rendered":"<p>WHERE TO FIND US Consolidaci\u00f3n nacional en Colombia.Expansi\u00f3n regional en Panam\u00e1 y Miami.Entrada a Europa (Espa\u00f1a y Portugal).Alianzas globales con fiduciarias, family offices y firmas locales.<\/p>","protected":false},"author":2,"featured_media":0,"parent":0,"menu_order":0,"comment_status":"closed","ping_status":"closed","template":"","meta":{"footnotes":""},"class_list":["post-261","page","type-page","status-publish","hentry"],"rttpg_featured_image_url":null,"rttpg_author":{"display_name":"adminlaw","author_link":"https:\/\/backbonelaw.com\/en\/author\/adminlaw\/"},"rttpg_comment":0,"rttpg_category":null,"rttpg_excerpt":"WHERE TO FIND US Consolidaci\u00f3n nacional en Colombia.Expansi\u00f3n regional en Panam\u00e1 y Miami.Entrada a Europa (Espa\u00f1a y Portugal).Alianzas globales con fiduciarias, family offices y firmas locales.","_links":{"self":[{"href":"https:\/\/backbonelaw.com\/en\/wp-json\/wp\/v2\/pages\/261","targetHints":{"allow":["GET"]}}],"collection":[{"href":"https:\/\/backbonelaw.com\/en\/wp-json\/wp\/v2\/pages"}],"about":[{"href":"https:\/\/backbonelaw.com\/en\/wp-json\/wp\/v2\/types\/page"}],"author":[{"embeddable":true,"href":"https:\/\/backbonelaw.com\/en\/wp-json\/wp\/v2\/users\/2"}],"replies":[{"embeddable":true,"href":"https:\/\/backbonelaw.com\/en\/wp-json\/wp\/v2\/comments?post=261"}],"version-history":[{"count":31,"href":"https:\/\/backbonelaw.com\/en\/wp-json\/wp\/v2\/pages\/261\/revisions"}],"predecessor-version":[{"id":1483,"href":"https:\/\/backbonelaw.com\/en\/wp-json\/wp\/v2\/pages\/261\/revisions\/1483"}],"wp:attachment":[{"href":"https:\/\/backbonelaw.com\/en\/wp-json\/wp\/v2\/media?parent=261"}],"curies":[{"name":"wp","href":"https:\/\/api.w.org\/{rel}","templated":true}]}}