{"id":202,"date":"2025-07-22T18:45:52","date_gmt":"2025-07-22T16:45:52","guid":{"rendered":"https:\/\/backbonelaw.com\/?page_id=202"},"modified":"2025-10-07T22:29:36","modified_gmt":"2025-10-07T20:29:36","slug":"services","status":"publish","type":"page","link":"https:\/\/backbonelaw.com\/en\/services\/","title":{"rendered":"SERVICES"},"content":{"rendered":"<div data-elementor-type=\"wp-page\" data-elementor-id=\"202\" class=\"elementor elementor-202\" data-elementor-post-type=\"page\">\n\t\t\t\t<div class=\"elementor-element elementor-element-0163d38 e-flex e-con-boxed wpr-particle-no wpr-jarallax-no wpr-parallax-no wpr-sticky-section-no e-con e-parent\" data-id=\"0163d38\" data-element_type=\"container\">\n\t\t\t\t\t<div class=\"e-con-inner\">\n\t\t\t\t<div class=\"elementor-element elementor-element-b5952cb elementor-widget elementor-widget-heading\" data-id=\"b5952cb\" data-element_type=\"widget\" data-widget_type=\"heading.default\">\n\t\t\t\t\t<h2 class=\"elementor-heading-title elementor-size-default\">OUR SERVICES<\/h2>\t\t\t\t<\/div>\n\t\t\t\t<div class=\"elementor-element elementor-element-d9011e0 elementor-widget elementor-widget-spacer\" data-id=\"d9011e0\" data-element_type=\"widget\" data-widget_type=\"spacer.default\">\n\t\t\t\t\t\t\t<div class=\"elementor-spacer\">\n\t\t\t<div class=\"elementor-spacer-inner\"><\/div>\n\t\t<\/div>\n\t\t\t\t\t\t<\/div>\n\t\t\t\t<div class=\"elementor-element elementor-element-4e4dae5 elementor-widget-mobile__width-initial elementor-widget elementor-widget-text-editor\" data-id=\"4e4dae5\" data-element_type=\"widget\" data-widget_type=\"text-editor.default\">\n\t\t\t\t\t\t\t\t\t<p>At Backbone Law, we offer specialized advisory services focused on the design and structuring of strategies for the organization, protection, and optimization of family and personal wealth, from two perspectives.<\/p>\t\t\t\t\t\t\t\t<\/div>\n\t\t\t\t\t<\/div>\n\t\t\t\t<\/div>\n\t\t<div class=\"elementor-element elementor-element-1f4fc31 e-con-full e-flex wpr-particle-no wpr-jarallax-no wpr-parallax-no wpr-sticky-section-no e-con e-child\" data-id=\"1f4fc31\" data-element_type=\"container\">\n\t\t<div class=\"elementor-element elementor-element-9df2f2f e-con-full e-flex wpr-particle-no wpr-jarallax-no wpr-parallax-no wpr-sticky-section-no e-con e-child\" data-id=\"9df2f2f\" data-element_type=\"container\" data-settings=\"{&quot;background_background&quot;:&quot;classic&quot;}\">\n\t\t\t\t<div class=\"elementor-element elementor-element-7b0b83f elementor-widget elementor-widget-spacer\" data-id=\"7b0b83f\" data-element_type=\"widget\" data-widget_type=\"spacer.default\">\n\t\t\t\t\t\t\t<div class=\"elementor-spacer\">\n\t\t\t<div class=\"elementor-spacer-inner\"><\/div>\n\t\t<\/div>\n\t\t\t\t\t\t<\/div>\n\t\t\t\t<div class=\"elementor-element elementor-element-4807c35 elementor-widget-mobile__width-initial elementor-widget elementor-widget-heading\" data-id=\"4807c35\" data-element_type=\"widget\" data-widget_type=\"heading.default\">\n\t\t\t\t\t<h2 class=\"elementor-heading-title elementor-size-default\"> ASSET PROTECTION<\/h2>\t\t\t\t<\/div>\n\t\t<div class=\"elementor-element elementor-element-e2489da e-con-full e-flex wpr-particle-no wpr-jarallax-no wpr-parallax-no wpr-sticky-section-no e-con e-child\" data-id=\"e2489da\" data-element_type=\"container\">\n\t\t\t\t<div class=\"elementor-element elementor-element-5bc165e elementor-widget-mobile__width-initial elementor-widget elementor-widget-text-editor\" data-id=\"5bc165e\" data-element_type=\"widget\" data-widget_type=\"text-editor.default\">\n\t\t\t\t\t\t\t\t\t<p>We design and implement asset protection structures that shield our clients\u2019 assets from third-party claims. These structures enable the efficient deployment of cross-border capital into tax-favorable jurisdictions, safeguarding investments and liquidity outside Colombian territory.<\/p>\t\t\t\t\t\t\t\t<\/div>\n\t\t\t\t<\/div>\n\t\t\t\t<div class=\"elementor-element elementor-element-5584946 elementor-align-center elementor-widget elementor-widget-button\" data-id=\"5584946\" data-element_type=\"widget\" data-widget_type=\"button.default\">\n\t\t\t\t\t\t\t\t\t\t<a class=\"elementor-button elementor-button-link elementor-size-sm\" href=\"https:\/\/backbonelaw.com\/en\/planeacion-patrimonial\/\">\n\t\t\t\t\t\t<span class=\"elementor-button-content-wrapper\">\n\t\t\t\t\t\t<span class=\"elementor-button-icon\">\n\t\t\t\t<svg aria-hidden=\"true\" class=\"e-font-icon-svg e-fas-angle-right\" viewbox=\"0 0 256 512\" xmlns=\"http:\/\/www.w3.org\/2000\/svg\"><path d=\"M224.3 273l-136 136c-9.4 9.4-24.6 9.4-33.9 0l-22.6-22.6c-9.4-9.4-9.4-24.6 0-33.9l96.4-96.4-96.4-96.4c-9.4-9.4-9.4-24.6 0-33.9L54.3 103c9.4-9.4 24.6-9.4 33.9 0l136 136c9.5 9.4 9.5 24.6.1 34z\"><\/path><\/svg>\t\t\t<\/span>\n\t\t\t\t\t\t\t\t\t<span class=\"elementor-button-text\">FIND OUT MORE<\/span>\n\t\t\t\t\t<\/span>\n\t\t\t\t\t<\/a>\n\t\t\t\t\t\t\t\t<\/div>\n\t\t\t\t<\/div>\n\t\t<div class=\"elementor-element elementor-element-dad9a70 e-con-full e-flex wpr-particle-no wpr-jarallax-no wpr-parallax-no wpr-sticky-section-no e-con e-child\" data-id=\"dad9a70\" data-element_type=\"container\" data-settings=\"{&quot;background_background&quot;:&quot;classic&quot;}\">\n\t\t\t\t<div class=\"elementor-element elementor-element-f964bd4 elementor-widget elementor-widget-spacer\" data-id=\"f964bd4\" data-element_type=\"widget\" data-widget_type=\"spacer.default\">\n\t\t\t\t\t\t\t<div class=\"elementor-spacer\">\n\t\t\t<div class=\"elementor-spacer-inner\"><\/div>\n\t\t<\/div>\n\t\t\t\t\t\t<\/div>\n\t\t\t\t<div class=\"elementor-element elementor-element-0a97145 elementor-widget-mobile__width-initial elementor-widget elementor-widget-heading\" data-id=\"0a97145\" data-element_type=\"widget\" data-widget_type=\"heading.default\">\n\t\t\t\t\t<h2 class=\"elementor-heading-title elementor-size-default\"> ESTATE PLANNING<\/h2>\t\t\t\t<\/div>\n\t\t<div class=\"elementor-element elementor-element-2a7357b e-con-full e-flex wpr-particle-no wpr-jarallax-no wpr-parallax-no wpr-sticky-section-no e-con e-child\" data-id=\"2a7357b\" data-element_type=\"container\">\n\t\t\t\t<div class=\"elementor-element elementor-element-fd1747b elementor-widget-mobile__width-initial elementor-widget elementor-widget-text-editor\" data-id=\"fd1747b\" data-element_type=\"widget\" data-widget_type=\"text-editor.default\">\n\t\t\t\t\t\t\t\t\t<p data-start=\"91\" data-end=\"385\">We design and implement estate planning schemes that eliminate traditional processes, optimize tax burdens, and facilitate the seamless transfer of wealth between generations. Our approach prevents disputes and protects assets through strategic lifetime reorganization.<\/p><p data-start=\"91\" data-end=\"385\">\u00a0<\/p>\t\t\t\t\t\t\t\t<\/div>\n\t\t\t\t<\/div>\n\t\t\t\t<div class=\"elementor-element elementor-element-629d616 elementor-align-center elementor-widget elementor-widget-button\" data-id=\"629d616\" data-element_type=\"widget\" data-widget_type=\"button.default\">\n\t\t\t\t\t\t\t\t\t\t<a class=\"elementor-button elementor-button-link elementor-size-sm\" href=\"https:\/\/backbonelaw.com\/en\/planeacion-patrimonial\/\">\n\t\t\t\t\t\t<span class=\"elementor-button-content-wrapper\">\n\t\t\t\t\t\t<span class=\"elementor-button-icon\">\n\t\t\t\t<svg aria-hidden=\"true\" class=\"e-font-icon-svg e-fas-angle-right\" viewbox=\"0 0 256 512\" xmlns=\"http:\/\/www.w3.org\/2000\/svg\"><path d=\"M224.3 273l-136 136c-9.4 9.4-24.6 9.4-33.9 0l-22.6-22.6c-9.4-9.4-9.4-24.6 0-33.9l96.4-96.4-96.4-96.4c-9.4-9.4-9.4-24.6 0-33.9L54.3 103c9.4-9.4 24.6-9.4 33.9 0l136 136c9.5 9.4 9.5 24.6.1 34z\"><\/path><\/svg>\t\t\t<\/span>\n\t\t\t\t\t\t\t\t\t<span class=\"elementor-button-text\">FIND OUT MORE<\/span>\n\t\t\t\t\t<\/span>\n\t\t\t\t\t<\/a>\n\t\t\t\t\t\t\t\t<\/div>\n\t\t\t\t<\/div>\n\t\t<div class=\"elementor-element elementor-element-a916478 e-con-full e-flex wpr-particle-no wpr-jarallax-no wpr-parallax-no wpr-sticky-section-no e-con e-child\" data-id=\"a916478\" data-element_type=\"container\" data-settings=\"{&quot;background_background&quot;:&quot;classic&quot;}\">\n\t\t\t\t<div class=\"elementor-element elementor-element-ae92f0c elementor-widget elementor-widget-spacer\" data-id=\"ae92f0c\" data-element_type=\"widget\" data-widget_type=\"spacer.default\">\n\t\t\t\t\t\t\t<div class=\"elementor-spacer\">\n\t\t\t<div class=\"elementor-spacer-inner\"><\/div>\n\t\t<\/div>\n\t\t\t\t\t\t<\/div>\n\t\t\t\t<div class=\"elementor-element elementor-element-a4561d4 elementor-widget-mobile__width-initial elementor-widget elementor-widget-heading\" data-id=\"a4561d4\" data-element_type=\"widget\" data-widget_type=\"heading.default\">\n\t\t\t\t\t<h2 class=\"elementor-heading-title elementor-size-default\"> ESTATE PLANNING<\/h2>\t\t\t\t<\/div>\n\t\t<div class=\"elementor-element elementor-element-668c6ad e-con-full e-flex wpr-particle-no wpr-jarallax-no wpr-parallax-no wpr-sticky-section-no e-con e-child\" data-id=\"668c6ad\" data-element_type=\"container\">\n\t\t\t\t<div class=\"elementor-element elementor-element-92e34aa elementor-widget-mobile__width-initial elementor-widget elementor-widget-text-editor\" data-id=\"92e34aa\" data-element_type=\"widget\" data-widget_type=\"text-editor.default\">\n\t\t\t\t\t\t\t\t\t<p data-start=\"91\" data-end=\"385\">We design and implement estate planning schemes that eliminate traditional processes, optimize tax burdens, and facilitate the seamless transfer of wealth between generations. Our approach prevents disputes and protects assets through strategic lifetime reorganization.<\/p><p data-start=\"91\" data-end=\"385\">\u00a0<\/p>\t\t\t\t\t\t\t\t<\/div>\n\t\t\t\t<\/div>\n\t\t\t\t<div class=\"elementor-element elementor-element-3de6f79 elementor-align-center elementor-widget elementor-widget-button\" data-id=\"3de6f79\" data-element_type=\"widget\" data-widget_type=\"button.default\">\n\t\t\t\t\t\t\t\t\t\t<a class=\"elementor-button elementor-button-link elementor-size-sm\" href=\"https:\/\/backbonelaw.com\/en\/planeacion-patrimonial\/\">\n\t\t\t\t\t\t<span class=\"elementor-button-content-wrapper\">\n\t\t\t\t\t\t<span class=\"elementor-button-icon\">\n\t\t\t\t<svg aria-hidden=\"true\" class=\"e-font-icon-svg e-fas-angle-right\" viewbox=\"0 0 256 512\" xmlns=\"http:\/\/www.w3.org\/2000\/svg\"><path d=\"M224.3 273l-136 136c-9.4 9.4-24.6 9.4-33.9 0l-22.6-22.6c-9.4-9.4-9.4-24.6 0-33.9l96.4-96.4-96.4-96.4c-9.4-9.4-9.4-24.6 0-33.9L54.3 103c9.4-9.4 24.6-9.4 33.9 0l136 136c9.5 9.4 9.5 24.6.1 34z\"><\/path><\/svg>\t\t\t<\/span>\n\t\t\t\t\t\t\t\t\t<span class=\"elementor-button-text\">FIND OUT MORE<\/span>\n\t\t\t\t\t<\/span>\n\t\t\t\t\t<\/a>\n\t\t\t\t\t\t\t\t<\/div>\n\t\t\t\t<\/div>\n\t\t\t\t<\/div>\n\t\t<div class=\"elementor-element elementor-element-cc8f0e0 e-flex e-con-boxed wpr-particle-no wpr-jarallax-no wpr-parallax-no wpr-sticky-section-no e-con e-parent\" data-id=\"cc8f0e0\" data-element_type=\"container\">\n\t\t\t\t\t<div class=\"e-con-inner\">\n\t\t\t\t<div class=\"elementor-element elementor-element-1592de1 elementor-widget elementor-widget-spacer\" data-id=\"1592de1\" data-element_type=\"widget\" data-widget_type=\"spacer.default\">\n\t\t\t\t\t\t\t<div class=\"elementor-spacer\">\n\t\t\t<div class=\"elementor-spacer-inner\"><\/div>\n\t\t<\/div>\n\t\t\t\t\t\t<\/div>\n\t\t\t\t\t<\/div>\n\t\t\t\t<\/div>\n\t\t\t\t<\/div>","protected":false},"excerpt":{"rendered":"<p>OUR SERVICES En Backbone Law Ofrecemos una asesor\u00eda especializada y enfocada en el dise\u00f1o y estructuraci\u00f3n de estrategias de organizaci\u00f3n, protecci\u00f3n y optimizaci\u00f3n del patrimonio familiar y personal, desde dos enfoques PROTECCI\u00d3N PATRIMONIAL\u200b Dise\u00f1amos e implementamos estructuras de protecci\u00f3n patrimonial para blindar los activos de nuestros clientes frente a terceros. Nuestras estructuras facilitan el despliegue eficiente de capital transfronterizo hacia jurisdicciones fiscales favorables, salvaguardando inversiones y liquidez fuera del territorio colombiano. CONOCE M\u00c1S PLANEACI\u00d3N SUCESORAL\u200b\u200b Dise\u00f1amos e implementamos esquemas de planeaci\u00f3n sucesoral que eliminan procesos tradicionales, optimizan la carga fiscal y facilitan la transferencia del patrimonio entre generaciones. Nuestro enfoque previene disputas y protege los activos mediante una reorganizaci\u00f3n estrat\u00e9gica en vida. \u00a0 CONOCE M\u00c1S PLANEACI\u00d3N SUCESORAL\u200b\u200b Dise\u00f1amos e implementamos esquemas de planeaci\u00f3n sucesoral que eliminan procesos tradicionales, optimizan la carga fiscal y facilitan la transferencia del patrimonio entre generaciones. Nuestro enfoque previene disputas y protege los activos mediante una reorganizaci\u00f3n estrat\u00e9gica en vida. \u00a0 CONOCE M\u00c1S<\/p>","protected":false},"author":2,"featured_media":0,"parent":0,"menu_order":0,"comment_status":"closed","ping_status":"closed","template":"","meta":{"footnotes":""},"class_list":["post-202","page","type-page","status-publish","hentry"],"rttpg_featured_image_url":null,"rttpg_author":{"display_name":"adminlaw","author_link":"https:\/\/backbonelaw.com\/en\/author\/adminlaw\/"},"rttpg_comment":0,"rttpg_category":null,"rttpg_excerpt":"OUR SERVICES En Backbone Law Ofrecemos una asesor\u00eda especializada y enfocada en el dise\u00f1o y estructuraci\u00f3n de estrategias de organizaci\u00f3n, protecci\u00f3n y optimizaci\u00f3n del patrimonio familiar y personal, desde dos enfoques PROTECCI\u00d3N PATRIMONIAL\u200b Dise\u00f1amos e implementamos estructuras de protecci\u00f3n patrimonial para blindar los activos de nuestros clientes frente a terceros. Nuestras estructuras facilitan el despliegue&hellip;","_links":{"self":[{"href":"https:\/\/backbonelaw.com\/en\/wp-json\/wp\/v2\/pages\/202","targetHints":{"allow":["GET"]}}],"collection":[{"href":"https:\/\/backbonelaw.com\/en\/wp-json\/wp\/v2\/pages"}],"about":[{"href":"https:\/\/backbonelaw.com\/en\/wp-json\/wp\/v2\/types\/page"}],"author":[{"embeddable":true,"href":"https:\/\/backbonelaw.com\/en\/wp-json\/wp\/v2\/users\/2"}],"replies":[{"embeddable":true,"href":"https:\/\/backbonelaw.com\/en\/wp-json\/wp\/v2\/comments?post=202"}],"version-history":[{"count":55,"href":"https:\/\/backbonelaw.com\/en\/wp-json\/wp\/v2\/pages\/202\/revisions"}],"predecessor-version":[{"id":1616,"href":"https:\/\/backbonelaw.com\/en\/wp-json\/wp\/v2\/pages\/202\/revisions\/1616"}],"wp:attachment":[{"href":"https:\/\/backbonelaw.com\/en\/wp-json\/wp\/v2\/media?parent=202"}],"curies":[{"name":"wp","href":"https:\/\/api.w.org\/{rel}","templated":true}]}}